{"id":1553,"date":"2025-02-12T10:20:11","date_gmt":"2025-02-12T10:20:11","guid":{"rendered":"https:\/\/mecenglishcenter.com\/is-ingilizcesi-2"},"modified":"2025-12-02T06:21:58","modified_gmt":"2025-12-02T06:21:58","slug":"is-ingilizcesi-2","status":"publish","type":"page","link":"https:\/\/mecenglishcenter.com\/tr\/is-ingilizcesi-2","title":{"rendered":"\u0130\u015f \u0130ngilizcesi"},"content":{"rendered":"","protected":false},"excerpt":{"rendered":"","protected":false},"author":3,"featured_media":0,"parent":0,"menu_order":0,"comment_status":"closed","ping_status":"closed","template":"","meta":{"_acf_changed":false,"_crdt_document":"","advanced_seo_description":"","jetpack_seo_html_title":"","jetpack_seo_noindex":false,"footnotes":""},"class_list":["post-1553","page","type-page","status-publish","hentry"],"acf":[],"jetpack_shortlink":"https:\/\/wp.me\/PgRtG5-p3","_links":{"self":[{"href":"https:\/\/mecenglishcenter.com\/tr\/wp-json\/wp\/v2\/pages\/1553","targetHints":{"allow":["GET"]}}],"collection":[{"href":"https:\/\/mecenglishcenter.com\/tr\/wp-json\/wp\/v2\/pages"}],"about":[{"href":"https:\/\/mecenglishcenter.com\/tr\/wp-json\/wp\/v2\/types\/page"}],"author":[{"embeddable":true,"href":"https:\/\/mecenglishcenter.com\/tr\/wp-json\/wp\/v2\/users\/3"}],"replies":[{"embeddable":true,"href":"https:\/\/mecenglishcenter.com\/tr\/wp-json\/wp\/v2\/comments?post=1553"}],"version-history":[{"count":1,"href":"https:\/\/mecenglishcenter.com\/tr\/wp-json\/wp\/v2\/pages\/1553\/revisions"}],"predecessor-version":[{"id":1668,"href":"https:\/\/mecenglishcenter.com\/tr\/wp-json\/wp\/v2\/pages\/1553\/revisions\/1668"}],"wp:attachment":[{"href":"https:\/\/mecenglishcenter.com\/tr\/wp-json\/wp\/v2\/media?parent=1553"}],"curies":[{"name":"wp","href":"https:\/\/api.w.org\/{rel}","templated":true}]}}